{"id":4170,"date":"2025-04-02T15:55:25","date_gmt":"2025-04-02T13:55:25","guid":{"rendered":"https:\/\/monteroaramburu-stg.servidortemporal.net\/404-2\/"},"modified":"2025-09-22T13:19:17","modified_gmt":"2025-09-22T11:19:17","slug":"404-2","status":"publish","type":"page","link":"https:\/\/www.monteroaramburugva.com\/en\/404-2\/","title":{"rendered":"404"},"content":{"rendered":"\r\r<div id=\"ErrorPage-block_4d8b71bf0867a8b317b80ce2120f2abb\" class=\"ErrorPage\">\r    <div class=\"blockError404\">\r        <div class=\"container\">\r            <div class=\"bodyError\">\r                <div class=\"itemFondo1\">ERROR 404<\/div>\r                <div class=\"itemTextoHeader\"><p>Sorry, it seems we couldn&#8217;t find the page you&#8217;re looking for<\/p>\n<\/div>\r                <div class=\"itemFondo2\">ERROR 404<\/div>\r            <\/div>\r        <\/div>\r    <\/div>\r    <div class=\"container\">\r        <div class=\"row\">\r            <div class=\"col-12\">\r                <div class=\"contMatrix\">\r                    <div class=\"itemHead\"><p>Please check the page address for any typos. If you are still unable to access the page, we suggest the following alternatives:<\/p>\n<\/div>\r                                            <div class=\"contCards\">\r                                                                                                <a href=\"https:\/\/www.monteroaramburugva.com\/\" title=\"Inicio\">\r                                                                <div class=\"itemCard\">\r                                    <div class=\"itemTitulo\"><p>Home<\/p>\n<\/div>\r                                    <div class=\"itemTexto\"><\/div>\r                                <\/div>\r                                                                    <\/a>\r                                                                                                                                <a href=\"https:\/\/www.monteroaramburugva.com\/contacto\/\" title=\"CONTACTO\">\r                                                                <div class=\"itemCard\">\r                                    <div class=\"itemTitulo\"><p>Contact<\/p>\n<\/div>\r                                    <div class=\"itemTexto\"><\/div>\r                                <\/div>\r                                                                    <\/a>\r                                                                                                                                <a href=\"https:\/\/www.monteroaramburugva.com\/resultados-de-busqueda\/\" title=\"RESULTADOS DE B\u00daSQUEDA\">\r                                                                <div class=\"itemCard\">\r                                    <div class=\"itemTitulo\"><p>Search<\/p>\n<\/div>\r                                    <div class=\"itemTexto\"><\/div>\r                                <\/div>\r                                                                    <\/a>\r                                                                                    <\/div>\r                                    <\/div>\r            <\/div>\r        <\/div>\r    <\/div>\r<\/div>\r\n\n\r<div id=\"EventosTabs-block_6c8a218eb30c8f145f5f17305b3e7722\" class=\"EventosTabs\" >\r    <div class=\"container\">\r        <div class=\"row\">\r            <div class=\"col-12\">\r                <div class=\"columnTop\">\r                    <div class=\"itemTitle\"><p>News<\/p>\n<\/div>\r                                            <div class=\"formSearch desktop\">\r                            <button type=\"button\" value=\"VER TODO\" class=\"btnCta\">\r                                <span>VER TODO<\/span>\r                                <span class=\"arrow\"><\/span>\r                            <\/button>\r                            <input type=\"hidden\" class=\"get_url_value\" value=\"https:\/\/www.monteroaramburugva.com\/actualidad\/\">\r                            <input type=\"hidden\" class=\"get_type_value\" value=\"type\">\r                            <input type=\"hidden\" class=\"get_current_post_type\" value=\"page\">\r                            <input type=\"hidden\" class=\"get_current_id\" value=\"4170\">\r                        <\/div>\r                                    <\/div>\r            <\/div>\r        <\/div>\r    <\/div>\r    <div class=\"columnBottom\">\r        <div class=\"container pe-0 pe-md-3 \">\r            <div class=\"tab-menu\">\r                                    <button type=\"button\" data-type=\"medio\" class=\"tab active\">IN THE MEDIA<\/button>\r                                                    <button type=\"button\" data-type=\"evento\" class=\"tab \">EVENTS<\/button>\r                            <\/div>\r        <\/div>\r        <div class=\"sliderBox\">\r            <div class=\"container-lg-fluid  px-4 px-lg-3\">\r                <div class=\"swiper swiperEvents swiper-container\">\r                    <div class=\"swiper-wrapper\">\r                        <!-- Slides will be inserted here via AJAX -->\r                    <\/div>\r                <\/div>\r            <\/div>\r            <div class=\"container\">\r                <div class=\"row\">\r                    <div class=\"col-12\">\r                        <div class=\"btnSwipper\">\r                            <div class=\"arrow swiper-button-prev\"><\/div>\r                            <div class=\"line\"><\/div>\r                            <div class=\"arrow swiper-button-next\"><\/div>\r                        <\/div>\r                                                    <div class=\"formSearch mobile\">\r                                <button type=\"button\" value=\"type\" class=\"btnCta\">\r                                    <span>SEE ALL<\/span>\r                                    <span class=\"arrow\"><\/span>\r                                <\/button>\r                                <input type=\"hidden\" class=\"get_url_value\" value=\"https:\/\/www.monteroaramburugva.com\/actualidad\/\">\r                                <input type=\"hidden\" class=\"get_type_value\" value=\"type\">\r                            <\/div>\r                                            <\/div>\r                <\/div>\r            <\/div>\r        <\/div>\r    <\/div>\r<\/div>\r\r<style>\r    .EventosTabs .hideTabs {\r        display: none;\r    }\r<\/style>\n\n\r<div id=\"Oficinas-block_eec2476c4fc33ff7f6e67cfd804d1e8b\" class=\"Oficinas\">\r    <div class=\"container\">\r        <div class=\"row\">\r            <div class=\"col-12\">\r                <div class=\"columnTop\">\r                    <div class=\"itemTitle\"><p>Contact<\/p>\n<\/div>\r                <\/div>\r            <\/div>\r        <\/div>\r    <\/div>\r    <div class=\"columnBottom\">\r        <div class=\"sliderBox\">\r            <div class=\"container-lg-fluid px-4  px-lg-0\">\r                <div class=\"swiper swiperOffice swiper-container\">\r                    <div class=\"swiper-wrapper \">\r                        <div class=\"swiper-slide\"><div class=\"contImg\"><img loading=\"lazy\" decoding=\"async\" width=\"640\" height=\"427\" src=\"https:\/\/www.monteroaramburugva.com\/wp-content\/uploads\/2025\/06\/Madrid-1024x683.jpg\" class=\"attachment-large size-large wp-post-image\" alt=\"Madrid\" srcset=\"https:\/\/www.monteroaramburugva.com\/wp-content\/uploads\/2025\/06\/Madrid-1024x683.jpg 1024w, https:\/\/www.monteroaramburugva.com\/wp-content\/uploads\/2025\/06\/Madrid-300x200.jpg 300w, https:\/\/www.monteroaramburugva.com\/wp-content\/uploads\/2025\/06\/Madrid-768x512.jpg 768w, https:\/\/www.monteroaramburugva.com\/wp-content\/uploads\/2025\/06\/Madrid-1536x1024.jpg 1536w, https:\/\/www.monteroaramburugva.com\/wp-content\/uploads\/2025\/06\/Madrid-2048x1365.jpg 2048w\" sizes=\"auto, (max-width: 640px) 100vw, 640px\" \/><\/div><div class=\"slide-content\"><div class=\"itemTitle\">Madrid<\/div><div class=\"contContact\"><a href=\"tel:+34 910 327 693\" class=\"itemTelefono\">+34 910 327 693<\/a><a href=\"email:info.madrid@monteroaramburugva.com\" class=\"itemMail itemTelefono\">info.madrid@monteroaramburugva.com<\/a><a style=\"cursor: default;\" class=\"itemMail itemTelefono\">Calle del Poeta Joan Maragall 1, planta 17\u00aa<\/a><a style=\"cursor: default;\" class=\"itemMail\">28020 Madrid<\/a><\/div><\/div><\/div><div class=\"swiper-slide\"><div class=\"contImg\"><img loading=\"lazy\" decoding=\"async\" width=\"640\" height=\"427\" src=\"https:\/\/www.monteroaramburugva.com\/wp-content\/uploads\/2025\/06\/Sevilla-1024x683.jpg\" class=\"attachment-large size-large wp-post-image\" alt=\"Sevilla\" srcset=\"https:\/\/www.monteroaramburugva.com\/wp-content\/uploads\/2025\/06\/Sevilla-1024x683.jpg 1024w, https:\/\/www.monteroaramburugva.com\/wp-content\/uploads\/2025\/06\/Sevilla-300x200.jpg 300w, https:\/\/www.monteroaramburugva.com\/wp-content\/uploads\/2025\/06\/Sevilla-768x512.jpg 768w, https:\/\/www.monteroaramburugva.com\/wp-content\/uploads\/2025\/06\/Sevilla-1536x1024.jpg 1536w, https:\/\/www.monteroaramburugva.com\/wp-content\/uploads\/2025\/06\/Sevilla-2048x1365.jpg 2048w\" sizes=\"auto, (max-width: 640px) 100vw, 640px\" \/><\/div><div class=\"slide-content\"><div class=\"itemTitle\">Sevilla<\/div><div class=\"contContact\"><a href=\"tel:+34 954 991 266\" class=\"itemTelefono\">+34 954 991 266<\/a><a href=\"email:info.sevilla@monteroaramburugva.com\" class=\"itemMail itemTelefono\">info.sevilla@monteroaramburugva.com<\/a><a style=\"cursor: default;\" class=\"itemMail itemTelefono\">Rep\u00fablica Argentina 24, planta 13<\/a><a style=\"cursor: default;\" class=\"itemMail\">41011 Sevilla<\/a><\/div><\/div><\/div><div class=\"swiper-slide\"><div class=\"contImg\"><img loading=\"lazy\" decoding=\"async\" width=\"640\" height=\"427\" src=\"https:\/\/www.monteroaramburugva.com\/wp-content\/uploads\/2025\/06\/DSC_0536-1024x683.jpg\" class=\"attachment-large size-large wp-post-image\" alt=\"DSC_0536\" srcset=\"https:\/\/www.monteroaramburugva.com\/wp-content\/uploads\/2025\/06\/DSC_0536-1024x683.jpg 1024w, https:\/\/www.monteroaramburugva.com\/wp-content\/uploads\/2025\/06\/DSC_0536-300x200.jpg 300w, https:\/\/www.monteroaramburugva.com\/wp-content\/uploads\/2025\/06\/DSC_0536-768x512.jpg 768w, https:\/\/www.monteroaramburugva.com\/wp-content\/uploads\/2025\/06\/DSC_0536-1536x1024.jpg 1536w, https:\/\/www.monteroaramburugva.com\/wp-content\/uploads\/2025\/06\/DSC_0536-2048x1365.jpg 2048w\" sizes=\"auto, (max-width: 640px) 100vw, 640px\" \/><\/div><div class=\"slide-content\"><div class=\"itemTitle\">Santa Cruz de Tenerife<\/div><div class=\"contContact\"><a href=\"tel:+34 922 290 051\" class=\"itemTelefono\">+34 922 290 051<\/a><a href=\"email:info.tenerife@monteroaramburugva.com\" class=\"itemMail itemTelefono\">info.tenerife@monteroaramburugva.com<\/a><a style=\"cursor: default;\" class=\"itemMail itemTelefono\">C\/ Antonio Dom\u00ednguez Alfonso 18-20 (C\/La Noria)<\/a><a style=\"cursor: default;\" class=\"itemMail\">38003 Santa Cruz de Tenerife<\/a><\/div><\/div><\/div><div class=\"swiper-slide\"><div class=\"contImg\"><img loading=\"lazy\" decoding=\"async\" width=\"640\" height=\"282\" src=\"https:\/\/www.monteroaramburugva.com\/wp-content\/uploads\/2025\/06\/image001-2.png\" class=\"attachment-large size-large wp-post-image\" alt=\"image001 (2)\" srcset=\"https:\/\/www.monteroaramburugva.com\/wp-content\/uploads\/2025\/06\/image001-2.png 986w, https:\/\/www.monteroaramburugva.com\/wp-content\/uploads\/2025\/06\/image001-2-300x132.png 300w, https:\/\/www.monteroaramburugva.com\/wp-content\/uploads\/2025\/06\/image001-2-768x339.png 768w\" sizes=\"auto, (max-width: 640px) 100vw, 640px\" \/><\/div><div class=\"slide-content\"><div class=\"itemTitle\">M\u00e1laga<\/div><div class=\"contContact\"><a href=\"tel:+ 34 951 553 244\" class=\"itemTelefono\">+ 34 951 553 244<\/a><a href=\"email:malaga@monteroaramburugva.com\" class=\"itemMail itemTelefono\">malaga@monteroaramburugva.com<\/a><a style=\"cursor: default;\" class=\"itemMail itemTelefono\">C\/ C\u00f3rdoba 9<\/a><a style=\"cursor: default;\" class=\"itemMail\">29001 M\u00e1laga <\/a><\/div><\/div><\/div><div class=\"swiper-slide\"><div class=\"contImg\"><img loading=\"lazy\" decoding=\"async\" width=\"640\" height=\"420\" src=\"https:\/\/www.monteroaramburugva.com\/wp-content\/uploads\/2025\/06\/image001-3.png\" class=\"attachment-large size-large wp-post-image\" alt=\"image001 (3)\" srcset=\"https:\/\/www.monteroaramburugva.com\/wp-content\/uploads\/2025\/06\/image001-3.png 656w, https:\/\/www.monteroaramburugva.com\/wp-content\/uploads\/2025\/06\/image001-3-300x197.png 300w\" sizes=\"auto, (max-width: 640px) 100vw, 640px\" \/><\/div><div class=\"slide-content\"><div class=\"itemTitle\">Las Palmas de Gran Canaria<\/div><div class=\"contContact\"><a href=\"tel:+34 928 370 699\" class=\"itemTelefono\">+34 928 370 699<\/a><a href=\"email:info.laspalmas@monteroaramburugva.com\" class=\"itemMail itemTelefono\">info.laspalmas@monteroaramburugva.com<\/a><a style=\"cursor: default;\" class=\"itemMail itemTelefono\">C\/ Benito P\u00e9rez Gald\u00f3s, 26<\/a><a style=\"cursor: default;\" class=\"itemMail\">35002 Las Palmas de G.C.<\/a><\/div><\/div><\/div><div class=\"swiper-slide\"><div class=\"contImg\"><img loading=\"lazy\" decoding=\"async\" width=\"618\" height=\"279\" src=\"https:\/\/www.monteroaramburugva.com\/wp-content\/uploads\/2025\/06\/image001.png\" class=\"attachment-large size-large wp-post-image\" alt=\"image001\" srcset=\"https:\/\/www.monteroaramburugva.com\/wp-content\/uploads\/2025\/06\/image001.png 618w, https:\/\/www.monteroaramburugva.com\/wp-content\/uploads\/2025\/06\/image001-300x135.png 300w\" sizes=\"auto, (max-width: 618px) 100vw, 618px\" \/><\/div><div class=\"slide-content\"><div class=\"itemTitle\">Marbella<\/div><div class=\"contContact\"><a href=\"tel:+34 952 857 719\" class=\"itemTelefono\">+34 952 857 719<\/a><a href=\"email:marbella@monteroaramburugva.com\" class=\"itemMail itemTelefono\">marbella@monteroaramburugva.com<\/a><a style=\"cursor: default;\" class=\"itemMail itemTelefono\">C\/ San Juan Bosco 2, 8\u00aa planta<\/a><a style=\"cursor: default;\" class=\"itemMail\">29600 Marbella (M\u00e1laga)<\/a><\/div><\/div><\/div><div class=\"swiper-slide\"><div class=\"contImg\"><img loading=\"lazy\" decoding=\"async\" width=\"640\" height=\"427\" src=\"https:\/\/www.monteroaramburugva.com\/wp-content\/uploads\/2025\/06\/Cordoba-1024x683.jpg\" class=\"attachment-large size-large wp-post-image\" alt=\"Co\u0301rdoba\" srcset=\"https:\/\/www.monteroaramburugva.com\/wp-content\/uploads\/2025\/06\/Cordoba-1024x683.jpg 1024w, https:\/\/www.monteroaramburugva.com\/wp-content\/uploads\/2025\/06\/Cordoba-300x200.jpg 300w, https:\/\/www.monteroaramburugva.com\/wp-content\/uploads\/2025\/06\/Cordoba-768x512.jpg 768w, https:\/\/www.monteroaramburugva.com\/wp-content\/uploads\/2025\/06\/Cordoba-1536x1024.jpg 1536w, https:\/\/www.monteroaramburugva.com\/wp-content\/uploads\/2025\/06\/Cordoba-2048x1365.jpg 2048w\" sizes=\"auto, (max-width: 640px) 100vw, 640px\" \/><\/div><div class=\"slide-content\"><div class=\"itemTitle\">C\u00f3rdoba<\/div><div class=\"contContact\"><a href=\"tel:+34 957 767 255\" class=\"itemTelefono\">+34 957 767 255<\/a><a href=\"email:info.huelva@monteroaramburugva.com\" class=\"itemMail itemTelefono\">info.huelva@monteroaramburugva.com<\/a><a style=\"cursor: default;\" class=\"itemMail itemTelefono\">Avda. Gran Capit\u00e1n, 23 2\u00aa planta, oficina. 4<\/a><a style=\"cursor: default;\" class=\"itemMail\">14008 C\u00f3rdoba<\/a><\/div><\/div><\/div><div class=\"swiper-slide\"><div class=\"contImg\"><img loading=\"lazy\" decoding=\"async\" width=\"640\" height=\"426\" src=\"https:\/\/www.monteroaramburugva.com\/wp-content\/uploads\/2025\/06\/Huelva-1-1024x682.jpg\" class=\"attachment-large size-large wp-post-image\" alt=\"Huelva\" srcset=\"https:\/\/www.monteroaramburugva.com\/wp-content\/uploads\/2025\/06\/Huelva-1-1024x682.jpg 1024w, https:\/\/www.monteroaramburugva.com\/wp-content\/uploads\/2025\/06\/Huelva-1-300x200.jpg 300w, https:\/\/www.monteroaramburugva.com\/wp-content\/uploads\/2025\/06\/Huelva-1-768x512.jpg 768w, https:\/\/www.monteroaramburugva.com\/wp-content\/uploads\/2025\/06\/Huelva-1-1536x1024.jpg 1536w, https:\/\/www.monteroaramburugva.com\/wp-content\/uploads\/2025\/06\/Huelva-1-2048x1365.jpg 2048w\" sizes=\"auto, (max-width: 640px) 100vw, 640px\" \/><\/div><div class=\"slide-content\"><div class=\"itemTitle\">Huelva<\/div><div class=\"contContact\"><a href=\"tel:+34 959 816 883\" class=\"itemTelefono\">+34 959 816 883<\/a><a href=\"email:info.huelva@monteroaramburugva.com\" class=\"itemMail itemTelefono\">info.huelva@monteroaramburugva.com<\/a><a style=\"cursor: default;\" class=\"itemMail itemTelefono\">Avda. Mart\u00edn Alonso Pinz\u00f3n, 15 Edificio Parque Am\u00e9rica, entreplanta 6-7<\/a><a style=\"cursor: default;\" class=\"itemMail\">21003 Huelva<\/a><\/div><\/div><\/div><div class=\"swiper-slide\"><div class=\"contImg\"><img loading=\"lazy\" decoding=\"async\" width=\"494\" height=\"262\" src=\"https:\/\/www.monteroaramburugva.com\/wp-content\/uploads\/2025\/06\/M_A_01-10.jpg\" class=\"attachment-large size-large wp-post-image\" alt=\"M_A_01 (10)\" srcset=\"https:\/\/www.monteroaramburugva.com\/wp-content\/uploads\/2025\/06\/M_A_01-10.jpg 494w, https:\/\/www.monteroaramburugva.com\/wp-content\/uploads\/2025\/06\/M_A_01-10-300x159.jpg 300w\" sizes=\"auto, (max-width: 494px) 100vw, 494px\" \/><\/div><div class=\"slide-content\"><div class=\"itemTitle\">Torre del Mar<\/div><div class=\"contContact\"><a href=\"tel:+34 952 547 133\" class=\"itemTelefono\">+34 952 547 133<\/a><a href=\"email:torredelmar@monteroaramburugva.com\" class=\"itemMail itemTelefono\">torredelmar@monteroaramburugva.com<\/a><a style=\"cursor: default;\" class=\"itemMail itemTelefono\">Avenida de Andaluc\u00eda 105, 4\u00aa planta B<\/a><a style=\"cursor: default;\" class=\"itemMail\">29740 Torre del Mar (M\u00e1laga)<\/a><\/div><\/div><\/div>                    <\/div>\r                <\/div>\r            <\/div>\r            <div class=\"container\">\r                <div class=\"row\">\r                    <div class=\"col-12\">\r                        <div class=\"btnSwipper\">\r                            <div class=\"arrow swiper-button-next\"><\/div>\r                            <div class=\"line\"><\/div>\r                            <div class=\"arrow swiper-button-prev\"><\/div>\r                        <\/div>\r                    <\/div>\r                <\/div>\r            <\/div>\r        <\/div>\r    <\/div>\r<\/div>\r","protected":false},"excerpt":{"rendered":"","protected":false},"author":2,"featured_media":0,"parent":0,"menu_order":0,"comment_status":"closed","ping_status":"closed","template":"","meta":{"_acf_changed":false,"footnotes":""},"class_list":["post-4170","page","type-page","status-publish","hentry"],"acf":[],"yoast_head":"<!-- This site is optimized with the Yoast SEO plugin v27.4 - https:\/\/yoast.com\/product\/yoast-seo-wordpress\/ -->\n<title>404 - Montero Aramburu &amp; GVA<\/title>\n<meta name=\"robots\" content=\"index, follow, max-snippet:-1, max-image-preview:large, max-video-preview:-1\" \/>\n<link rel=\"canonical\" href=\"https:\/\/www.monteroaramburugva.com\/en\/404-2\/\" \/>\n<meta property=\"og:locale\" content=\"en_US\" \/>\n<meta property=\"og:type\" content=\"article\" \/>\n<meta property=\"og:title\" content=\"404 - Montero Aramburu &amp; GVA\" \/>\n<meta property=\"og:url\" content=\"https:\/\/www.monteroaramburugva.com\/en\/404-2\/\" \/>\n<meta property=\"og:site_name\" content=\"Montero Aramburu &amp; GVA\" \/>\n<meta property=\"article:modified_time\" content=\"2025-09-22T11:19:17+00:00\" \/>\n<meta name=\"twitter:card\" content=\"summary_large_image\" \/>\n<script type=\"application\/ld+json\" class=\"yoast-schema-graph\">{\"@context\":\"https:\\\/\\\/schema.org\",\"@graph\":[{\"@type\":\"WebPage\",\"@id\":\"https:\\\/\\\/www.monteroaramburugva.com\\\/en\\\/404-2\\\/\",\"url\":\"https:\\\/\\\/www.monteroaramburugva.com\\\/en\\\/404-2\\\/\",\"name\":\"404 - Montero Aramburu &amp; GVA\",\"isPartOf\":{\"@id\":\"https:\\\/\\\/www.monteroaramburugva.com\\\/en\\\/#website\"},\"datePublished\":\"2025-04-02T13:55:25+00:00\",\"dateModified\":\"2025-09-22T11:19:17+00:00\",\"breadcrumb\":{\"@id\":\"https:\\\/\\\/www.monteroaramburugva.com\\\/en\\\/404-2\\\/#breadcrumb\"},\"inLanguage\":\"en-US\",\"potentialAction\":[{\"@type\":\"ReadAction\",\"target\":[\"https:\\\/\\\/www.monteroaramburugva.com\\\/en\\\/404-2\\\/\"]}]},{\"@type\":\"BreadcrumbList\",\"@id\":\"https:\\\/\\\/www.monteroaramburugva.com\\\/en\\\/404-2\\\/#breadcrumb\",\"itemListElement\":[{\"@type\":\"ListItem\",\"position\":1,\"name\":\"Portada\",\"item\":\"https:\\\/\\\/www.monteroaramburugva.com\\\/en\\\/\"},{\"@type\":\"ListItem\",\"position\":2,\"name\":\"404\"}]},{\"@type\":\"WebSite\",\"@id\":\"https:\\\/\\\/www.monteroaramburugva.com\\\/en\\\/#website\",\"url\":\"https:\\\/\\\/www.monteroaramburugva.com\\\/en\\\/\",\"name\":\"Montero Aramburu &amp; GVA\",\"description\":\"Montero Aramburu &amp; G\u00f3mez-Villares Atencia ofrece asesoramiento legal especializado en diferentes \u00e1reas del derecho empresarial y corporativo\",\"publisher\":{\"@id\":\"https:\\\/\\\/www.monteroaramburugva.com\\\/en\\\/#organization\"},\"potentialAction\":[{\"@type\":\"SearchAction\",\"target\":{\"@type\":\"EntryPoint\",\"urlTemplate\":\"https:\\\/\\\/www.monteroaramburugva.com\\\/en\\\/?s={search_term_string}\"},\"query-input\":{\"@type\":\"PropertyValueSpecification\",\"valueRequired\":true,\"valueName\":\"search_term_string\"}}],\"inLanguage\":\"en-US\"},{\"@type\":\"Organization\",\"@id\":\"https:\\\/\\\/www.monteroaramburugva.com\\\/en\\\/#organization\",\"name\":\"Montero Aramburu &amp; GVA\",\"url\":\"https:\\\/\\\/www.monteroaramburugva.com\\\/en\\\/\",\"logo\":{\"@type\":\"ImageObject\",\"inLanguage\":\"en-US\",\"@id\":\"https:\\\/\\\/www.monteroaramburugva.com\\\/en\\\/#\\\/schema\\\/logo\\\/image\\\/\",\"url\":\"https:\\\/\\\/www.monteroaramburugva.com\\\/wp-content\\\/uploads\\\/2025\\\/03\\\/Logo.svg\",\"contentUrl\":\"https:\\\/\\\/www.monteroaramburugva.com\\\/wp-content\\\/uploads\\\/2025\\\/03\\\/Logo.svg\",\"width\":155,\"height\":65,\"caption\":\"Montero Aramburu &amp; GVA\"},\"image\":{\"@id\":\"https:\\\/\\\/www.monteroaramburugva.com\\\/en\\\/#\\\/schema\\\/logo\\\/image\\\/\"}}]}<\/script>\n<!-- \/ Yoast SEO plugin. -->","yoast_head_json":{"title":"404 - Montero Aramburu &amp; GVA","robots":{"index":"index","follow":"follow","max-snippet":"max-snippet:-1","max-image-preview":"max-image-preview:large","max-video-preview":"max-video-preview:-1"},"canonical":"https:\/\/www.monteroaramburugva.com\/en\/404-2\/","og_locale":"en_US","og_type":"article","og_title":"404 - Montero Aramburu &amp; GVA","og_url":"https:\/\/www.monteroaramburugva.com\/en\/404-2\/","og_site_name":"Montero Aramburu &amp; GVA","article_modified_time":"2025-09-22T11:19:17+00:00","twitter_card":"summary_large_image","schema":{"@context":"https:\/\/schema.org","@graph":[{"@type":"WebPage","@id":"https:\/\/www.monteroaramburugva.com\/en\/404-2\/","url":"https:\/\/www.monteroaramburugva.com\/en\/404-2\/","name":"404 - Montero Aramburu &amp; GVA","isPartOf":{"@id":"https:\/\/www.monteroaramburugva.com\/en\/#website"},"datePublished":"2025-04-02T13:55:25+00:00","dateModified":"2025-09-22T11:19:17+00:00","breadcrumb":{"@id":"https:\/\/www.monteroaramburugva.com\/en\/404-2\/#breadcrumb"},"inLanguage":"en-US","potentialAction":[{"@type":"ReadAction","target":["https:\/\/www.monteroaramburugva.com\/en\/404-2\/"]}]},{"@type":"BreadcrumbList","@id":"https:\/\/www.monteroaramburugva.com\/en\/404-2\/#breadcrumb","itemListElement":[{"@type":"ListItem","position":1,"name":"Portada","item":"https:\/\/www.monteroaramburugva.com\/en\/"},{"@type":"ListItem","position":2,"name":"404"}]},{"@type":"WebSite","@id":"https:\/\/www.monteroaramburugva.com\/en\/#website","url":"https:\/\/www.monteroaramburugva.com\/en\/","name":"Montero Aramburu &amp; GVA","description":"Montero Aramburu &amp; G\u00f3mez-Villares Atencia ofrece asesoramiento legal especializado en diferentes \u00e1reas del derecho empresarial y corporativo","publisher":{"@id":"https:\/\/www.monteroaramburugva.com\/en\/#organization"},"potentialAction":[{"@type":"SearchAction","target":{"@type":"EntryPoint","urlTemplate":"https:\/\/www.monteroaramburugva.com\/en\/?s={search_term_string}"},"query-input":{"@type":"PropertyValueSpecification","valueRequired":true,"valueName":"search_term_string"}}],"inLanguage":"en-US"},{"@type":"Organization","@id":"https:\/\/www.monteroaramburugva.com\/en\/#organization","name":"Montero Aramburu &amp; GVA","url":"https:\/\/www.monteroaramburugva.com\/en\/","logo":{"@type":"ImageObject","inLanguage":"en-US","@id":"https:\/\/www.monteroaramburugva.com\/en\/#\/schema\/logo\/image\/","url":"https:\/\/www.monteroaramburugva.com\/wp-content\/uploads\/2025\/03\/Logo.svg","contentUrl":"https:\/\/www.monteroaramburugva.com\/wp-content\/uploads\/2025\/03\/Logo.svg","width":155,"height":65,"caption":"Montero Aramburu &amp; GVA"},"image":{"@id":"https:\/\/www.monteroaramburugva.com\/en\/#\/schema\/logo\/image\/"}}]}},"_links":{"self":[{"href":"https:\/\/www.monteroaramburugva.com\/en\/wp-json\/wp\/v2\/pages\/4170","targetHints":{"allow":["GET"]}}],"collection":[{"href":"https:\/\/www.monteroaramburugva.com\/en\/wp-json\/wp\/v2\/pages"}],"about":[{"href":"https:\/\/www.monteroaramburugva.com\/en\/wp-json\/wp\/v2\/types\/page"}],"author":[{"embeddable":true,"href":"https:\/\/www.monteroaramburugva.com\/en\/wp-json\/wp\/v2\/users\/2"}],"replies":[{"embeddable":true,"href":"https:\/\/www.monteroaramburugva.com\/en\/wp-json\/wp\/v2\/comments?post=4170"}],"version-history":[{"count":0,"href":"https:\/\/www.monteroaramburugva.com\/en\/wp-json\/wp\/v2\/pages\/4170\/revisions"}],"wp:attachment":[{"href":"https:\/\/www.monteroaramburugva.com\/en\/wp-json\/wp\/v2\/media?parent=4170"}],"curies":[{"name":"wp","href":"https:\/\/api.w.org\/{rel}","templated":true}]}}